{"id":3,"date":"2023-07-27T02:45:07","date_gmt":"2023-07-27T02:45:07","guid":{"rendered":"https:\/\/pielviva.com\/?page_id=3"},"modified":"2024-01-12T11:16:18","modified_gmt":"2024-01-12T16:16:18","slug":"privacy-policy","status":"publish","type":"page","link":"https:\/\/pielviva.com\/es\/privacy-policy\/","title":{"rendered":"Pol\u00edtica de Privacidad"},"content":{"rendered":"<div>\r\n<h4 class=\"wp-block-heading\"><strong>Recopilaci\u00f3n de su informaci\u00f3n personal<\/strong><\/h4>\r\n<div>Esta pr\u00e1ctica recopila informaci\u00f3n de identificaci\u00f3n personal proporcionada por usted, como su direcci\u00f3n de correo electr\u00f3nico, nombre, direcci\u00f3n de casa o del trabajo o n\u00famero de tel\u00e9fono. Esta pr\u00e1ctica tambi\u00e9n recopila informaci\u00f3n demogr\u00e1fica an\u00f3nima, que no es \u00fanica para usted, como su c\u00f3digo postal, edad, sexo, preferencias, intereses y favoritos. Tambi\u00e9n hay informaci\u00f3n sobre el hardware y software de su computadora que este sitio web recopila autom\u00e1ticamente. Esta informaci\u00f3n puede incluir: su direcci\u00f3n IP, tipo de navegador, nombres de dominio, tiempos de acceso y direcciones de sitios web de referencia. Esta informaci\u00f3n se utiliza para el funcionamiento del servicio, para mantener la calidad del servicio y para proporcionar estad\u00edsticas generales sobre el uso de este sitio web. Por favor tenga en cuenta que si usted divulga directamente informaci\u00f3n de identificaci\u00f3n personal o datos privados a trav\u00e9s de foros de mensajes p\u00fablicos, esta informaci\u00f3n puede ser recopilada y utilizada por otros. Esta pr\u00e1ctica lo alienta a revisar las declaraciones de privacidad de los sitios web a los que elige vincularse desde el sitio web para que pueda comprender c\u00f3mo esos sitios web recopilan, usan y comparten su informaci\u00f3n. Esta pr\u00e1ctica no es responsable de las declaraciones de privacidad u otro contenido de otros sitios web.<\/div>\r\n<br \/>\r\n<h4><strong>Uso de su informaci\u00f3n personal<\/strong><\/h4>\r\n<div>Esta pr\u00e1ctica recopila y utiliza su informaci\u00f3n personal para operar el sitio web y brindar los servicios que ha solicitado. Esta Pr\u00e1ctica tambi\u00e9n utiliza su informaci\u00f3n de identificaci\u00f3n personal para informarle sobre otros productos o servicios disponibles en esta Pr\u00e1ctica y sus afiliados. Esta pr\u00e1ctica tambi\u00e9n puede comunicarse con usted a trav\u00e9s de encuestas para realizar investigaciones sobre su opini\u00f3n sobre los servicios actuales o sobre posibles nuevos servicios que puedan ofrecerse. Esta Pr\u00e1ctica no tiene que vender, alquilar o ceder sus listas de clientes a terceros. Esta pr\u00e1ctica puede compartir datos con socios confiables para ayudarnos a realizar an\u00e1lisis estad\u00edsticos, enviarle correo electr\u00f3nico o correo postal, brindarle atenci\u00f3n al cliente u organizar las entregas. Todos estos terceros tienen prohibido utilizar su informaci\u00f3n personal excepto para proporcionar estos servicios y est\u00e1n obligados a mantener la confidencialidad de su informaci\u00f3n. Esta pr\u00e1ctica no utiliza ni divulga informaci\u00f3n personal sensible, como raza, religi\u00f3n o afiliaciones pol\u00edticas, sin su consentimiento expl\u00edcito. Esta pr\u00e1ctica divulgar\u00e1 su informaci\u00f3n personal, sin previo aviso, s\u00f3lo si as\u00ed lo exige la ley.<\/div>\r\n<br \/>\r\n<h4><strong>Uso de cookies<\/strong><\/h4>\r\n<div>El sitio web utiliza \u00abcookies\u00bb para ayudar a esta Pr\u00e1ctica a personalizar su experiencia en l\u00ednea. Una cookie es un archivo de texto que un servidor de p\u00e1ginas web coloca en su disco duro. Las cookies no se pueden utilizar para ejecutar programas ni enviar virus a su computadora. Las cookies se le asignan exclusivamente a usted y solo pueden ser le\u00eddas por un servidor web en el dominio que le emiti\u00f3 la cookie.<\/div>\r\n<br \/>\r\n<h4><strong>Seguridad de su informaci\u00f3n personal<\/strong><\/h4>\r\n<div>Esta pr\u00e1ctica protege su informaci\u00f3n personal frente al acceso, uso o divulgaci\u00f3n no autorizados. Esta Pr\u00e1ctica mantiene la informaci\u00f3n de identificaci\u00f3n personal que Usted haya provisto, en servidores ubicados en un ambiente controlado y seguro, protegidos del acceso, uso o divulgaci\u00f3n no autorizados. Cuando la informaci\u00f3n personal (como un n\u00famero de tarjeta de cr\u00e9dito) se transmite a otros sitios web, se protege mediante el uso de cifrado, como el protocolo Secure Socket Layer (SSL).<\/div>\r\n<br \/>\r\n<h4><strong>Cambios a esta declaraci\u00f3n<\/strong><\/h4>\r\n<div>Esta pr\u00e1ctica actualizar\u00e1 ocasionalmente esta Declaraci\u00f3n de privacidad para reflejar los comentarios de la empresa y de los clientes. Le recomendamos que revise peri\u00f3dicamente esta Declaraci\u00f3n de Privacidad para estar informado sobre c\u00f3mo esta Pr\u00e1ctica protege su informaci\u00f3n.<\/div>\r\n<br \/>\r\n<h4><strong>Informaci\u00f3n de contacto<\/strong><\/h4>\r\n<div>Comun\u00edquese con nosotros por tel\u00e9fono al (718) 803 3000 o por correo postal a 37-42 77th Street Jackson Heights, New York, NY 11372.<\/div>\r\n<\/div>","protected":false},"excerpt":{"rendered":"<p>Estamos comprometidos a proteger su privacidad y brindarle una experiencia en l\u00ednea segura. Esta Declaraci\u00f3n de Privacidad se aplica al sitio web de nuestra pr\u00e1ctica y rige nuestras pr\u00e1cticas de uso y recopilaci\u00f3n de datos. Al utilizar este sitio web, usted acepta las pr\u00e1cticas utilizadas en relaci\u00f3n con los datos descritas en esta Declaraci\u00f3n de Privacidad.<\/p>\n","protected":false},"author":1,"featured_media":0,"parent":0,"menu_order":0,"comment_status":"closed","ping_status":"open","template":"","meta":{"_acf_changed":false,"footnotes":""},"class_list":["post-3","page","type-page","status-publish","hentry"],"acf":[],"yoast_head":"<!-- This site is optimized with the Yoast SEO plugin v27.5 - https:\/\/yoast.com\/product\/yoast-seo-wordpress\/ -->\n<title>Pol\u00edtica de Privacidad | Pielviva - Dermatolog\u00eda Est\u00e9tica<\/title>\n<meta name=\"robots\" content=\"index, follow, max-snippet:-1, max-image-preview:large, max-video-preview:-1\" \/>\n<link rel=\"canonical\" href=\"https:\/\/pielviva.com\/privacy-policy\/\" \/>\n<meta property=\"og:locale\" content=\"es_ES\" \/>\n<meta property=\"og:type\" content=\"article\" \/>\n<meta property=\"og:title\" content=\"[:en]Privacy Policy[:es]Pol\u00edtica de Privacidad[:] | Pielviva - Dermatolog\u00eda Est\u00e9tica\" \/>\n<meta property=\"og:description\" content=\"[:en]We are committed to protecting your privacy and providing a safe online experience. This Privacy Statement applies to our Practice&#039;s website and governs our data collection and usage practices. By using this website, you consent to the data practices described in this Privacy Statement.[:es]Estamos comprometidos a proteger su privacidad y brindarle una experiencia en l\u00ednea segura. Esta Declaraci\u00f3n de Privacidad se aplica al sitio web de nuestra pr\u00e1ctica y rige nuestras pr\u00e1cticas de uso y recopilaci\u00f3n de datos. Al utilizar este sitio web, usted acepta las pr\u00e1cticas utilizadas en relaci\u00f3n con los datos descritas en esta Declaraci\u00f3n de Privacidad.[:]\" \/>\n<meta property=\"og:url\" content=\"https:\/\/pielviva.com\/privacy-policy\/\" \/>\n<meta property=\"og:site_name\" content=\"Pielviva\" \/>\n<meta property=\"article:modified_time\" content=\"2024-01-12T16:16:18+00:00\" \/>\n<meta property=\"og:image\" content=\"https:\/\/pielviva.com\/wp-content\/themes\/pielviva\/assets\/img\/og_pielviva.jpeg\" \/>\n<meta name=\"twitter:card\" content=\"summary_large_image\" \/>\n<meta name=\"twitter:image\" content=\"\/wp-content\/themes\/pielviva\/assets\/img\/og_pielviva.jpeg\" \/>\n<meta name=\"twitter:label1\" content=\"Tiempo de lectura\" \/>\n\t<meta name=\"twitter:data1\" content=\"3 minutos\" \/>\n<script type=\"application\/ld+json\" class=\"yoast-schema-graph\">{\"@context\":\"https:\\\/\\\/schema.org\",\"@graph\":[{\"@type\":\"WebPage\",\"@id\":\"https:\\\/\\\/pielviva.com\\\/privacy-policy\\\/\",\"url\":\"https:\\\/\\\/pielviva.com\\\/privacy-policy\\\/\",\"name\":\"[:en]Privacy Policy[:es]Pol\u00edtica de Privacidad[:] | Pielviva - Dermatolog\u00eda Est\u00e9tica\",\"isPartOf\":{\"@id\":\"https:\\\/\\\/pielviva.com\\\/#website\"},\"datePublished\":\"2023-07-27T02:45:07+00:00\",\"dateModified\":\"2024-01-12T16:16:18+00:00\",\"breadcrumb\":{\"@id\":\"https:\\\/\\\/pielviva.com\\\/privacy-policy\\\/#breadcrumb\"},\"inLanguage\":\"es\",\"potentialAction\":[{\"@type\":\"ReadAction\",\"target\":[\"https:\\\/\\\/pielviva.com\\\/privacy-policy\\\/\"]}]},{\"@type\":\"BreadcrumbList\",\"@id\":\"https:\\\/\\\/pielviva.com\\\/privacy-policy\\\/#breadcrumb\",\"itemListElement\":[{\"@type\":\"ListItem\",\"position\":1,\"name\":\"Home\",\"item\":\"https:\\\/\\\/pielviva.com\\\/\"},{\"@type\":\"ListItem\",\"position\":2,\"name\":\"Privacy Policy\"}]},{\"@type\":\"WebSite\",\"@id\":\"https:\\\/\\\/pielviva.com\\\/#website\",\"url\":\"https:\\\/\\\/pielviva.com\\\/\",\"name\":\"Pielviva\",\"description\":\"Dermatolog\u00eda Est\u00e9tica\",\"publisher\":{\"@id\":\"https:\\\/\\\/pielviva.com\\\/#organization\"},\"potentialAction\":[{\"@type\":\"SearchAction\",\"target\":{\"@type\":\"EntryPoint\",\"urlTemplate\":\"https:\\\/\\\/pielviva.com\\\/?s={search_term_string}\"},\"query-input\":{\"@type\":\"PropertyValueSpecification\",\"valueRequired\":true,\"valueName\":\"search_term_string\"}}],\"inLanguage\":\"es\"},{\"@type\":\"Organization\",\"@id\":\"https:\\\/\\\/pielviva.com\\\/#organization\",\"name\":\"Pielviva\",\"url\":\"https:\\\/\\\/pielviva.com\\\/\",\"logo\":{\"@type\":\"ImageObject\",\"inLanguage\":\"es\",\"@id\":\"https:\\\/\\\/pielviva.com\\\/#\\\/schema\\\/logo\\\/image\\\/\",\"url\":\"https:\\\/\\\/pielviva.com\\\/wp-content\\\/uploads\\\/2023\\\/09\\\/og_pielviva-scaled.jpeg\",\"contentUrl\":\"https:\\\/\\\/pielviva.com\\\/wp-content\\\/uploads\\\/2023\\\/09\\\/og_pielviva-scaled.jpeg\",\"width\":2560,\"height\":1344,\"caption\":\"Pielviva\"},\"image\":{\"@id\":\"https:\\\/\\\/pielviva.com\\\/#\\\/schema\\\/logo\\\/image\\\/\"}}]}<\/script>\n<!-- \/ Yoast SEO plugin. -->","yoast_head_json":{"title":"[:en]Privacy Policy[:es]Pol\u00edtica de Privacidad[:] | Pielviva - Dermatolog\u00eda Est\u00e9tica","robots":{"index":"index","follow":"follow","max-snippet":"max-snippet:-1","max-image-preview":"max-image-preview:large","max-video-preview":"max-video-preview:-1"},"canonical":"https:\/\/pielviva.com\/privacy-policy\/","og_locale":"es_ES","og_type":"article","og_title":"[:en]Privacy Policy[:es]Pol\u00edtica de Privacidad[:] | Pielviva - Dermatolog\u00eda Est\u00e9tica","og_description":"[:en]We are committed to protecting your privacy and providing a safe online experience. This Privacy Statement applies to our Practice's website and governs our data collection and usage practices. By using this website, you consent to the data practices described in this Privacy Statement.[:es]Estamos comprometidos a proteger su privacidad y brindarle una experiencia en l\u00ednea segura. Esta Declaraci\u00f3n de Privacidad se aplica al sitio web de nuestra pr\u00e1ctica y rige nuestras pr\u00e1cticas de uso y recopilaci\u00f3n de datos. Al utilizar este sitio web, usted acepta las pr\u00e1cticas utilizadas en relaci\u00f3n con los datos descritas en esta Declaraci\u00f3n de Privacidad.[:]","og_url":"https:\/\/pielviva.com\/privacy-policy\/","og_site_name":"Pielviva","article_modified_time":"2024-01-12T16:16:18+00:00","og_image":[{"url":"https:\/\/pielviva.com\/wp-content\/themes\/pielviva\/assets\/img\/og_pielviva.jpeg","type":"","width":"","height":""}],"twitter_card":"summary_large_image","twitter_image":"\/wp-content\/themes\/pielviva\/assets\/img\/og_pielviva.jpeg","twitter_misc":{"Tiempo de lectura":"3 minutos"},"schema":{"@context":"https:\/\/schema.org","@graph":[{"@type":"WebPage","@id":"https:\/\/pielviva.com\/privacy-policy\/","url":"https:\/\/pielviva.com\/privacy-policy\/","name":"[:en]Privacy Policy[:es]Pol\u00edtica de Privacidad[:] | Pielviva - Dermatolog\u00eda Est\u00e9tica","isPartOf":{"@id":"https:\/\/pielviva.com\/#website"},"datePublished":"2023-07-27T02:45:07+00:00","dateModified":"2024-01-12T16:16:18+00:00","breadcrumb":{"@id":"https:\/\/pielviva.com\/privacy-policy\/#breadcrumb"},"inLanguage":"es","potentialAction":[{"@type":"ReadAction","target":["https:\/\/pielviva.com\/privacy-policy\/"]}]},{"@type":"BreadcrumbList","@id":"https:\/\/pielviva.com\/privacy-policy\/#breadcrumb","itemListElement":[{"@type":"ListItem","position":1,"name":"Home","item":"https:\/\/pielviva.com\/"},{"@type":"ListItem","position":2,"name":"Privacy Policy"}]},{"@type":"WebSite","@id":"https:\/\/pielviva.com\/#website","url":"https:\/\/pielviva.com\/","name":"Pielviva","description":"Dermatolog\u00eda Est\u00e9tica","publisher":{"@id":"https:\/\/pielviva.com\/#organization"},"potentialAction":[{"@type":"SearchAction","target":{"@type":"EntryPoint","urlTemplate":"https:\/\/pielviva.com\/?s={search_term_string}"},"query-input":{"@type":"PropertyValueSpecification","valueRequired":true,"valueName":"search_term_string"}}],"inLanguage":"es"},{"@type":"Organization","@id":"https:\/\/pielviva.com\/#organization","name":"Pielviva","url":"https:\/\/pielviva.com\/","logo":{"@type":"ImageObject","inLanguage":"es","@id":"https:\/\/pielviva.com\/#\/schema\/logo\/image\/","url":"https:\/\/pielviva.com\/wp-content\/uploads\/2023\/09\/og_pielviva-scaled.jpeg","contentUrl":"https:\/\/pielviva.com\/wp-content\/uploads\/2023\/09\/og_pielviva-scaled.jpeg","width":2560,"height":1344,"caption":"Pielviva"},"image":{"@id":"https:\/\/pielviva.com\/#\/schema\/logo\/image\/"}}]}},"_links":{"self":[{"href":"https:\/\/pielviva.com\/es\/wp-json\/wp\/v2\/pages\/3","targetHints":{"allow":["GET"]}}],"collection":[{"href":"https:\/\/pielviva.com\/es\/wp-json\/wp\/v2\/pages"}],"about":[{"href":"https:\/\/pielviva.com\/es\/wp-json\/wp\/v2\/types\/page"}],"author":[{"embeddable":true,"href":"https:\/\/pielviva.com\/es\/wp-json\/wp\/v2\/users\/1"}],"replies":[{"embeddable":true,"href":"https:\/\/pielviva.com\/es\/wp-json\/wp\/v2\/comments?post=3"}],"version-history":[{"count":7,"href":"https:\/\/pielviva.com\/es\/wp-json\/wp\/v2\/pages\/3\/revisions"}],"predecessor-version":[{"id":420,"href":"https:\/\/pielviva.com\/es\/wp-json\/wp\/v2\/pages\/3\/revisions\/420"}],"wp:attachment":[{"href":"https:\/\/pielviva.com\/es\/wp-json\/wp\/v2\/media?parent=3"}],"curies":[{"name":"wp","href":"https:\/\/api.w.org\/{rel}","templated":true}]}}